{"id":9,"date":"2018-03-09T00:01:28","date_gmt":"2018-03-09T03:01:28","guid":{"rendered":"http:\/\/www.objetivopinda.com.br\/objetivo\/?page_id=9"},"modified":"2018-03-09T00:01:28","modified_gmt":"2018-03-09T03:01:28","slug":"atividades-extras","status":"publish","type":"page","link":"https:\/\/www.objetivopinda.com.br\/objetivo\/atividades-extras\/","title":{"rendered":"Atividades Extras"},"content":{"rendered":"<p class=\"x_MsoNormal\">Vemos as atividades extras como um espa\u00e7o de aprimoramento e viv\u00eancia que despertar\u00e1 em nossos alunos habilidades motoras, cognitivas e afetivas essenciais ao longo de sua vida, tais como: autoconfian\u00e7a; autoconhecimento; intelig\u00eancia emocional; dom\u00ednio corporal; disciplina; concentra\u00e7\u00e3o; pensamento r\u00e1pido; socializa\u00e7\u00e3o; respeito \u00e0s regras e aos colegas.<\/p>\n<p class=\"x_MsoNormal\">Para cada uma das atividades trabalhadas temos possibilidade de desenvolver habilidades espec\u00edficas:<\/p>\n<p class=\"x_MsoNormal\">De forma desafiadora, proporcionando bons h\u00e1bitos de sa\u00fade, as<strong>\u00a0atividades esportivas<\/strong>\u00a0(v\u00f4lei, futsal, jud\u00f4, dan\u00e7a, capoeira e inicia\u00e7\u00e3o esportiva) desenvolvidas em nossa escola contribuem para melhoria da coordena\u00e7\u00e3o motora, aperfei\u00e7oamento dos reflexos, flexibilidade e agilidade, al\u00e9m de frear impulsos e ansiedades, torna o ser mais colaborador e menos individualista.<\/p>\n<p class=\"x_MsoNormal\"><strong>\u00a0<\/strong><strong>buscamos\u00a0<\/strong>desenvolver al\u00e9m do sentimento l\u00edrico a rela\u00e7\u00e3o entre o som e o ser humano.\u00a0\u00a0<strong>\u00c9 um trabalho coletivo, todo ele realizado em equipe trazendo sempre concentra\u00e7\u00e3o, capacidade de comunica\u00e7\u00e3o, intera\u00e7\u00e3o e respeito ao colega.<\/strong><\/p>\n<p class=\"x_MsoNormal\"><strong>O teatro<\/strong>\u00a0permite que as crian\u00e7as brinquem com o mundo da fantasia! Desenvolvendo a leitura, literatura e poesia de forma prazerosa e l\u00fadica. Al\u00e9m disso, desenvolve no aluno a express\u00e3o verbal e corporal, a dic\u00e7\u00e3o, como tamb\u00e9m exercita a sua capacidade de\u00a0<a title=\"Jogo da mem\u00f3ria para crian\u00e7as\" href=\"https:\/\/br.guiainfantil.com\/materias\/cultura-e-lazer\/jogos\/jogo-da-memoria-brincadeiras-para-criancas\/\" target=\"_blank\" rel=\"noopener\">mem\u00f3ria<\/a>\u00a0e agilidade mental.\u00a0 Trabalha a timidez e a vergonha.<\/p>\n","protected":false},"excerpt":{"rendered":"<p>Vemos as atividades extras como um espa\u00e7o de aprimoramento e viv\u00eancia que despertar\u00e1 em nossos alunos habilidades motoras, cognitivas e afetivas essenciais ao longo de sua vida, tais como: autoconfian\u00e7a; autoconhecimento; intelig\u00eancia emocional; dom\u00ednio corporal; disciplina; concentra\u00e7\u00e3o; pensamento r\u00e1pido; socializa\u00e7\u00e3o; respeito \u00e0s regras e aos colegas. Para cada uma das atividades trabalhadas temos possibilidade de &hellip; <\/p>\n<p class=\"link-more\"><a href=\"https:\/\/www.objetivopinda.com.br\/objetivo\/atividades-extras\/\" class=\"more-link\">Continue reading<span class=\"screen-reader-text\"> &#8220;Atividades Extras&#8221;<\/span><\/a><\/p>\n","protected":false},"author":1,"featured_media":10,"parent":0,"menu_order":0,"comment_status":"closed","ping_status":"closed","template":"page-curso.php","meta":{"_acf_changed":false,"jetpack_post_was_ever_published":false,"footnotes":""},"class_list":["post-9","page","type-page","status-publish","has-post-thumbnail","hentry"],"acf":[],"jetpack_sharing_enabled":true,"jetpack_shortlink":"https:\/\/wp.me\/P9JGtI-9","jetpack_likes_enabled":true,"_links":{"self":[{"href":"https:\/\/www.objetivopinda.com.br\/objetivo\/wp-json\/wp\/v2\/pages\/9","targetHints":{"allow":["GET"]}}],"collection":[{"href":"https:\/\/www.objetivopinda.com.br\/objetivo\/wp-json\/wp\/v2\/pages"}],"about":[{"href":"https:\/\/www.objetivopinda.com.br\/objetivo\/wp-json\/wp\/v2\/types\/page"}],"author":[{"embeddable":true,"href":"https:\/\/www.objetivopinda.com.br\/objetivo\/wp-json\/wp\/v2\/users\/1"}],"replies":[{"embeddable":true,"href":"https:\/\/www.objetivopinda.com.br\/objetivo\/wp-json\/wp\/v2\/comments?post=9"}],"version-history":[{"count":1,"href":"https:\/\/www.objetivopinda.com.br\/objetivo\/wp-json\/wp\/v2\/pages\/9\/revisions"}],"predecessor-version":[{"id":11,"href":"https:\/\/www.objetivopinda.com.br\/objetivo\/wp-json\/wp\/v2\/pages\/9\/revisions\/11"}],"wp:featuredmedia":[{"embeddable":true,"href":"https:\/\/www.objetivopinda.com.br\/objetivo\/wp-json\/wp\/v2\/media\/10"}],"wp:attachment":[{"href":"https:\/\/www.objetivopinda.com.br\/objetivo\/wp-json\/wp\/v2\/media?parent=9"}],"curies":[{"name":"wp","href":"https:\/\/api.w.org\/{rel}","templated":true}]}}