{"id":718,"date":"2018-03-19T23:24:58","date_gmt":"2018-03-20T02:24:58","guid":{"rendered":"http:\/\/www.objetivopinda.com.br\/objetivo\/?page_id=718"},"modified":"2021-11-18T20:04:15","modified_gmt":"2021-11-18T23:04:15","slug":"bilingue","status":"publish","type":"page","link":"https:\/\/www.objetivopinda.com.br\/objetivo\/bilingue\/","title":{"rendered":"Bilingue"},"content":{"rendered":"<p style=\"text-align: left;\">O nosso col\u00e9gio oferece em parceria com a <strong>Wizard Idiomas<\/strong> o ensino <strong>bilingue<\/strong> desde os 4 anos de idade para as fam\u00edlias que optarem por esta modalidade.<\/p>\n<p><img data-recalc-dims=\"1\" loading=\"lazy\" decoding=\"async\" class=\"img-fluid wp-image-10124 size-full aligncenter\" src=\"https:\/\/i0.wp.com\/www.objetivopinda.com.br\/objetivo\/wp-content\/uploads\/2021\/11\/bilingue-colegio-objetivo-pinda_.jpeg?resize=828%2C564&#038;ssl=1\" alt=\"\" width=\"828\" height=\"564\" srcset=\"https:\/\/i0.wp.com\/www.objetivopinda.com.br\/objetivo\/wp-content\/uploads\/2021\/11\/bilingue-colegio-objetivo-pinda_.jpeg?w=828&amp;ssl=1 828w, https:\/\/i0.wp.com\/www.objetivopinda.com.br\/objetivo\/wp-content\/uploads\/2021\/11\/bilingue-colegio-objetivo-pinda_.jpeg?resize=300%2C204&amp;ssl=1 300w, https:\/\/i0.wp.com\/www.objetivopinda.com.br\/objetivo\/wp-content\/uploads\/2021\/11\/bilingue-colegio-objetivo-pinda_.jpeg?resize=768%2C523&amp;ssl=1 768w\" sizes=\"auto, (max-width: 828px) 100vw, 828px\" \/><\/p>\n<p style=\"text-align: left;\">As aulas ocorrem diariamente em contraturno ao per\u00edodo escolar do aluno, com atividades de imers\u00e3o na l\u00edngua inglesa, l\u00fadicas, de conversa\u00e7\u00e3o e interativas.<\/p>\n<p>&nbsp;<\/p>\n<p><img data-recalc-dims=\"1\" loading=\"lazy\" decoding=\"async\" class=\"aligncenter wp-image-10127 size-full\" src=\"https:\/\/i0.wp.com\/www.objetivopinda.com.br\/objetivo\/wp-content\/uploads\/2021\/11\/bilingue-colegio-objetivo-pinda.jpeg?resize=665%2C564&#038;ssl=1\" alt=\"\" width=\"665\" height=\"564\" srcset=\"https:\/\/i0.wp.com\/www.objetivopinda.com.br\/objetivo\/wp-content\/uploads\/2021\/11\/bilingue-colegio-objetivo-pinda.jpeg?w=665&amp;ssl=1 665w, https:\/\/i0.wp.com\/www.objetivopinda.com.br\/objetivo\/wp-content\/uploads\/2021\/11\/bilingue-colegio-objetivo-pinda.jpeg?resize=300%2C254&amp;ssl=1 300w\" sizes=\"auto, (max-width: 665px) 100vw, 665px\" \/><\/p>\n","protected":false},"excerpt":{"rendered":"<p>O nosso col\u00e9gio oferece em parceria com a Wizard Idiomas o ensino bilingue desde os 4 anos de idade para as fam\u00edlias que optarem por esta modalidade. As aulas ocorrem diariamente em contraturno ao per\u00edodo escolar do aluno, com atividades de imers\u00e3o na l\u00edngua inglesa, l\u00fadicas, de conversa\u00e7\u00e3o e interativas. &nbsp;<\/p>\n","protected":false},"author":1,"featured_media":7,"parent":0,"menu_order":0,"comment_status":"closed","ping_status":"closed","template":"page-curso.php","meta":{"_acf_changed":false,"jetpack_post_was_ever_published":false,"footnotes":""},"class_list":["post-718","page","type-page","status-publish","has-post-thumbnail","hentry"],"acf":[],"jetpack_sharing_enabled":true,"jetpack_shortlink":"https:\/\/wp.me\/P9JGtI-bA","jetpack_likes_enabled":true,"_links":{"self":[{"href":"https:\/\/www.objetivopinda.com.br\/objetivo\/wp-json\/wp\/v2\/pages\/718","targetHints":{"allow":["GET"]}}],"collection":[{"href":"https:\/\/www.objetivopinda.com.br\/objetivo\/wp-json\/wp\/v2\/pages"}],"about":[{"href":"https:\/\/www.objetivopinda.com.br\/objetivo\/wp-json\/wp\/v2\/types\/page"}],"author":[{"embeddable":true,"href":"https:\/\/www.objetivopinda.com.br\/objetivo\/wp-json\/wp\/v2\/users\/1"}],"replies":[{"embeddable":true,"href":"https:\/\/www.objetivopinda.com.br\/objetivo\/wp-json\/wp\/v2\/comments?post=718"}],"version-history":[{"count":8,"href":"https:\/\/www.objetivopinda.com.br\/objetivo\/wp-json\/wp\/v2\/pages\/718\/revisions"}],"predecessor-version":[{"id":10129,"href":"https:\/\/www.objetivopinda.com.br\/objetivo\/wp-json\/wp\/v2\/pages\/718\/revisions\/10129"}],"wp:featuredmedia":[{"embeddable":true,"href":"https:\/\/www.objetivopinda.com.br\/objetivo\/wp-json\/wp\/v2\/media\/7"}],"wp:attachment":[{"href":"https:\/\/www.objetivopinda.com.br\/objetivo\/wp-json\/wp\/v2\/media?parent=718"}],"curies":[{"name":"wp","href":"https:\/\/api.w.org\/{rel}","templated":true}]}}