{"id":10279,"date":"2021-12-14T21:23:45","date_gmt":"2021-12-15T00:23:45","guid":{"rendered":"https:\/\/www.objetivopinda.com.br\/objetivo\/?page_id=10279"},"modified":"2021-12-14T21:26:20","modified_gmt":"2021-12-15T00:26:20","slug":"ensino-medio-colegio-objetivo-pinda","status":"publish","type":"page","link":"https:\/\/www.objetivopinda.com.br\/objetivo\/ensino-medio-colegio-objetivo-pinda\/","title":{"rendered":"Ensino M\u00e9dio"},"content":{"rendered":"<p>O Ensino M\u00e9dio do Col\u00e9gio Objetivo tem como meta formar cidad\u00e3os cr\u00edticos e atuantes na sociedade em que est\u00e3o inseridos, al\u00e9m de preparar o aluno para enfrentar com seguran\u00e7a o Enem \u2013 Exame Nacional do Ensino M\u00e9dio e os exames vestibulares mais concorridos e desafiadores.<\/p>\n<p>Novo Ensino M\u00e9dio com itiner\u00e1rios formativos, podendo o aluno optar entre Dom\u00ednio da ci\u00eancias da natureza e Dom\u00ednio da ci\u00eancias humanas al\u00e9m de projeto de vida, oficina multidisciplinar, educa\u00e7\u00e3o financeira e leitura e produ\u00e7\u00e3o de g\u00eaneros discursivos.<\/p>\n<p><img data-recalc-dims=\"1\" loading=\"lazy\" decoding=\"async\" class=\"img-fluid alignnone wp-image-10195 size-large\" src=\"https:\/\/i0.wp.com\/www.objetivopinda.com.br\/objetivo\/wp-content\/uploads\/2021\/12\/ENSINO-MEDIO-1-E-2-SERIES-B.jpg?resize=1024%2C683&#038;ssl=1\" alt=\"\" width=\"1024\" height=\"683\" srcset=\"https:\/\/i0.wp.com\/www.objetivopinda.com.br\/objetivo\/wp-content\/uploads\/2021\/12\/ENSINO-MEDIO-1-E-2-SERIES-B.jpg?resize=1024%2C683&amp;ssl=1 1024w, https:\/\/i0.wp.com\/www.objetivopinda.com.br\/objetivo\/wp-content\/uploads\/2021\/12\/ENSINO-MEDIO-1-E-2-SERIES-B.jpg?resize=300%2C200&amp;ssl=1 300w, https:\/\/i0.wp.com\/www.objetivopinda.com.br\/objetivo\/wp-content\/uploads\/2021\/12\/ENSINO-MEDIO-1-E-2-SERIES-B.jpg?resize=768%2C512&amp;ssl=1 768w, https:\/\/i0.wp.com\/www.objetivopinda.com.br\/objetivo\/wp-content\/uploads\/2021\/12\/ENSINO-MEDIO-1-E-2-SERIES-B.jpg?w=1500&amp;ssl=1 1500w\" sizes=\"auto, (max-width: 1000px) 100vw, 1000px\" \/><\/p>\n<p>Oferecemos atividades complementares estimulantes como recursos no Ensino M\u00e9dio, sendo alguns em contraturno, dentre eles:<\/p>\n<ul>\n<li>Laborat\u00f3rio do OPA (Orienta\u00e7\u00e3o profissional e atualidades);<\/li>\n<li>Laborat\u00f3rios (reda\u00e7\u00e3o, biologia, f\u00edsica, qu\u00edmica);<\/li>\n<li>Plant\u00e3o de d\u00favidas (portugu\u00eas, matem\u00e1tica, qu\u00edmica e f\u00edsica);<\/li>\n<li>Espanhol;<\/li>\n<li>Aulas preparat\u00f3rias para olimp\u00edadas cient\u00edficas;<\/li>\n<li>Projetos de solidariedade;<\/li>\n<li>Aulas multim\u00eddia;<\/li>\n<li>Escolas do Mar (Angra dos Reis- RJ);<\/li>\n<li>Avalia\u00e7\u00f5es interdisciplinares;<\/li>\n<li>Exames simulados (ITA, FUVEST, ENEM e Medicina).<\/li>\n<\/ul>\n","protected":false},"excerpt":{"rendered":"<p>O Ensino M\u00e9dio do Col\u00e9gio Objetivo tem como meta formar cidad\u00e3os cr\u00edticos e atuantes na sociedade em que est\u00e3o inseridos, al\u00e9m de preparar o aluno para enfrentar com seguran\u00e7a o Enem \u2013 Exame Nacional do Ensino M\u00e9dio e os exames vestibulares mais concorridos e desafiadores. Novo Ensino M\u00e9dio com itiner\u00e1rios formativos, podendo o aluno optar &hellip; <\/p>\n<p class=\"link-more\"><a href=\"https:\/\/www.objetivopinda.com.br\/objetivo\/ensino-medio-colegio-objetivo-pinda\/\" class=\"more-link\">Continue reading<span class=\"screen-reader-text\"> &#8220;Ensino M\u00e9dio&#8221;<\/span><\/a><\/p>\n","protected":false},"author":1,"featured_media":10280,"parent":0,"menu_order":0,"comment_status":"closed","ping_status":"closed","template":"page-curso.php","meta":{"_acf_changed":false,"jetpack_post_was_ever_published":false,"footnotes":""},"class_list":["post-10279","page","type-page","status-publish","has-post-thumbnail","hentry"],"acf":[],"jetpack_sharing_enabled":true,"jetpack_shortlink":"https:\/\/wp.me\/P9JGtI-2FN","jetpack_likes_enabled":true,"_links":{"self":[{"href":"https:\/\/www.objetivopinda.com.br\/objetivo\/wp-json\/wp\/v2\/pages\/10279","targetHints":{"allow":["GET"]}}],"collection":[{"href":"https:\/\/www.objetivopinda.com.br\/objetivo\/wp-json\/wp\/v2\/pages"}],"about":[{"href":"https:\/\/www.objetivopinda.com.br\/objetivo\/wp-json\/wp\/v2\/types\/page"}],"author":[{"embeddable":true,"href":"https:\/\/www.objetivopinda.com.br\/objetivo\/wp-json\/wp\/v2\/users\/1"}],"replies":[{"embeddable":true,"href":"https:\/\/www.objetivopinda.com.br\/objetivo\/wp-json\/wp\/v2\/comments?post=10279"}],"version-history":[{"count":3,"href":"https:\/\/www.objetivopinda.com.br\/objetivo\/wp-json\/wp\/v2\/pages\/10279\/revisions"}],"predecessor-version":[{"id":10283,"href":"https:\/\/www.objetivopinda.com.br\/objetivo\/wp-json\/wp\/v2\/pages\/10279\/revisions\/10283"}],"wp:featuredmedia":[{"embeddable":true,"href":"https:\/\/www.objetivopinda.com.br\/objetivo\/wp-json\/wp\/v2\/media\/10280"}],"wp:attachment":[{"href":"https:\/\/www.objetivopinda.com.br\/objetivo\/wp-json\/wp\/v2\/media?parent=10279"}],"curies":[{"name":"wp","href":"https:\/\/api.w.org\/{rel}","templated":true}]}}