{"id":10276,"date":"2021-12-14T21:10:59","date_gmt":"2021-12-15T00:10:59","guid":{"rendered":"https:\/\/www.objetivopinda.com.br\/objetivo\/?page_id=10276"},"modified":"2021-12-14T21:10:59","modified_gmt":"2021-12-15T00:10:59","slug":"educacao-fundamental-ii","status":"publish","type":"page","link":"https:\/\/www.objetivopinda.com.br\/objetivo\/educacao-fundamental-ii\/","title":{"rendered":"Educa\u00e7\u00e3o Fundamental \u2013 II"},"content":{"rendered":"<p>O Ciclo do Ensino Fundamental tem como meta a forma\u00e7\u00e3o integral do educando por meio do desenvolvimento harm\u00f4nico de todas as suas potencialidades, proporcionando-lhe o ajustamento ao meio f\u00edsico e social e estimulando sua capacidade cr\u00edtica. No Fundamental II, s\u00e3o aprofundados os conhecimentos adquiridos no Fundamental I, e h\u00e1 o preparo, a base, que ir\u00e1 guia-los durante o Ensino M\u00e9dio entrando em contato com novas abordagens te\u00f3ricas e pr\u00e1ticas dentro de cada \u00e1rea do conhecimento, sempre como sujeito aut\u00f4nomo, reflexivo e questionador.<\/p>\n<p>Aliado \u00e0 moderna tecnologia, o aluno disp\u00f5e de um corpo docente especializado e competente, capaz de auxili\u00e1-lo na apropria\u00e7\u00e3o do conhecimento. Conta, ainda, com projetos educacionais direcionados para o desenvolvimento de habilidades e compet\u00eancias, preparando o educando para uma vida repleta de valores nobres, pensamento cr\u00edtico e participa\u00e7\u00e3o consciente na sociedade atual.<\/p>\n<p>A cria\u00e7\u00e3o de projetos cient\u00edficos \u00e9 um dos m\u00e9todos que usamos para explorar nos nossos alunos a capacidade de criar e construir conhecimento. Trabalhamos com contextos inovadores que abordam temas atuais, como sustentabilidade, tecnologia e meio ambiente. Valores human\u00edsticos como honestidade, coopera\u00e7\u00e3o e coparticipa\u00e7\u00e3o podem ser vistos em a\u00e7\u00f5es que diariamente promovemos com nossos alunos, em sala de aula ou em eventos externos.<\/p>\n<p><img data-recalc-dims=\"1\" loading=\"lazy\" decoding=\"async\" class=\"img-fluid alignnone wp-image-10277 size-large\" src=\"https:\/\/i0.wp.com\/www.objetivopinda.com.br\/objetivo\/wp-content\/uploads\/2021\/12\/ENSINO-FUNDAMENTAL-II.png?resize=1024%2C724&#038;ssl=1\" alt=\"\" width=\"1024\" height=\"724\" srcset=\"https:\/\/i0.wp.com\/www.objetivopinda.com.br\/objetivo\/wp-content\/uploads\/2021\/12\/ENSINO-FUNDAMENTAL-II.png?resize=1024%2C724&amp;ssl=1 1024w, https:\/\/i0.wp.com\/www.objetivopinda.com.br\/objetivo\/wp-content\/uploads\/2021\/12\/ENSINO-FUNDAMENTAL-II.png?resize=300%2C212&amp;ssl=1 300w, https:\/\/i0.wp.com\/www.objetivopinda.com.br\/objetivo\/wp-content\/uploads\/2021\/12\/ENSINO-FUNDAMENTAL-II.png?resize=768%2C543&amp;ssl=1 768w, https:\/\/i0.wp.com\/www.objetivopinda.com.br\/objetivo\/wp-content\/uploads\/2021\/12\/ENSINO-FUNDAMENTAL-II.png?w=1500&amp;ssl=1 1500w\" sizes=\"auto, (max-width: 1000px) 100vw, 1000px\" \/><\/p>\n<p>Conte\u00fado program\u00e1tico somado com atividades em grade de: programa de incentivo \u00e0 leitura e \u00e0 cria\u00e7\u00e3o de textos, educa\u00e7\u00e3o financeira e espanhol. Al\u00e9m de atividades em contraturno de: plant\u00e3o de d\u00favidas (portugu\u00eas, matem\u00e1tica), laborat\u00f3rios (reda\u00e7\u00e3o, atualidades), aulas preparat\u00f3rias para olimp\u00edadas cient\u00edficas, projetos de solidariedade e aulas na escola do Mar (Angra dos Reis- RJ), avalia\u00e7\u00f5es interdisciplinares, exames simulados e atividades complementares estimulantes s\u00e3o alguns dos recursos oferecidos no Ensino Fundamental II do Objetivo Pinda.<\/p>\n","protected":false},"excerpt":{"rendered":"<p>O Ciclo do Ensino Fundamental tem como meta a forma\u00e7\u00e3o integral do educando por meio do desenvolvimento harm\u00f4nico de todas as suas potencialidades, proporcionando-lhe o ajustamento ao meio f\u00edsico e social e estimulando sua capacidade cr\u00edtica. No Fundamental II, s\u00e3o aprofundados os conhecimentos adquiridos no Fundamental I, e h\u00e1 o preparo, a base, que ir\u00e1 &hellip; <\/p>\n<p class=\"link-more\"><a href=\"https:\/\/www.objetivopinda.com.br\/objetivo\/educacao-fundamental-ii\/\" class=\"more-link\">Continue reading<span class=\"screen-reader-text\"> &#8220;Educa\u00e7\u00e3o Fundamental \u2013 II&#8221;<\/span><\/a><\/p>\n","protected":false},"author":1,"featured_media":10273,"parent":0,"menu_order":0,"comment_status":"closed","ping_status":"closed","template":"page-curso.php","meta":{"_acf_changed":false,"jetpack_post_was_ever_published":false,"footnotes":""},"class_list":["post-10276","page","type-page","status-publish","has-post-thumbnail","hentry"],"acf":[],"jetpack_sharing_enabled":true,"jetpack_shortlink":"https:\/\/wp.me\/P9JGtI-2FK","jetpack_likes_enabled":true,"_links":{"self":[{"href":"https:\/\/www.objetivopinda.com.br\/objetivo\/wp-json\/wp\/v2\/pages\/10276","targetHints":{"allow":["GET"]}}],"collection":[{"href":"https:\/\/www.objetivopinda.com.br\/objetivo\/wp-json\/wp\/v2\/pages"}],"about":[{"href":"https:\/\/www.objetivopinda.com.br\/objetivo\/wp-json\/wp\/v2\/types\/page"}],"author":[{"embeddable":true,"href":"https:\/\/www.objetivopinda.com.br\/objetivo\/wp-json\/wp\/v2\/users\/1"}],"replies":[{"embeddable":true,"href":"https:\/\/www.objetivopinda.com.br\/objetivo\/wp-json\/wp\/v2\/comments?post=10276"}],"version-history":[{"count":1,"href":"https:\/\/www.objetivopinda.com.br\/objetivo\/wp-json\/wp\/v2\/pages\/10276\/revisions"}],"predecessor-version":[{"id":10278,"href":"https:\/\/www.objetivopinda.com.br\/objetivo\/wp-json\/wp\/v2\/pages\/10276\/revisions\/10278"}],"wp:featuredmedia":[{"embeddable":true,"href":"https:\/\/www.objetivopinda.com.br\/objetivo\/wp-json\/wp\/v2\/media\/10273"}],"wp:attachment":[{"href":"https:\/\/www.objetivopinda.com.br\/objetivo\/wp-json\/wp\/v2\/media?parent=10276"}],"curies":[{"name":"wp","href":"https:\/\/api.w.org\/{rel}","templated":true}]}}